{"id":340,"date":"2019-09-06T21:05:14","date_gmt":"2019-09-06T21:05:14","guid":{"rendered":"http:\/\/thydewa.org\/okax\/?page_id=340"},"modified":"2019-09-06T21:05:15","modified_gmt":"2019-09-06T21:05:15","slug":"thydewa","status":"publish","type":"page","link":"https:\/\/thydewa.org\/okax\/thydewa\/","title":{"rendered":"THYDEWA"},"content":{"rendered":"<p><br>\n<br>\n<!--StartFragment--><\/p>\n\n\n<p>Nhenety \u00e9 tamb\u00e9m s\u00f3cio da ONG Thyd\u00eaw\u00e1 com que j\u00e1 produziu\nalguns materiais como:<\/p>\n\n\n\n<p><strong>1)12)\nProdu\u00e7\u00f5es da Thyd\u00eaw\u00e1<\/strong><\/p>\n\n\n\n<ol class=\"wp-block-list\"><li>Indios na vis\u00e3o dos \u00edndios kariri-Xoc\u00f3<\/li><li>Arco Digital<\/li><li>Tor\u00e9 = Som Sagrado<\/li><li>Kariri-Xoc\u00f3 canta Tor\u00e9<\/li><li>Somos Patrimonio<\/li><li>Indigenas Digitais<\/li><li>Kariri-Xoc\u00f3 canta Roj\u00e3o<\/li><li>Celulares Indigenas<\/li><li>Memoria <\/li><li>Dois\nirm\u00e3os no Mundo<\/li><li>Memoria\nda Mae Terra<\/li><li>Memoria\ndo Nordeste <\/li><li>Arte\nEletr\u00f4nica &#8211; Reflex\u00f5es com os Kariri-Xoc\u00f3<\/li><\/ol>\n\n\n<p><!--EndFragment--><br>\n<br>\n<\/p>","protected":false},"excerpt":{"rendered":"<p>Nhenety \u00e9 tamb\u00e9m s\u00f3cio da ONG Thyd\u00eaw\u00e1 com que j\u00e1 produziu alguns materiais como: 1)12) Produ\u00e7\u00f5es da Thyd\u00eaw\u00e1 Indios na vis\u00e3o dos \u00edndios kariri-Xoc\u00f3 Arco Digital Tor\u00e9 = Som Sagrado Kariri-Xoc\u00f3 canta Tor\u00e9 Somos Patrimonio Indigenas Digitais Kariri-Xoc\u00f3 canta Roj\u00e3o Celulares Indigenas Memoria Dois irm\u00e3os no Mundo Memoria da Mae Terra Memoria do Nordeste Arte&hellip;<\/p>\n","protected":false},"author":1,"featured_media":0,"parent":0,"menu_order":0,"comment_status":"closed","ping_status":"closed","template":"","meta":{"footnotes":""},"class_list":["post-340","page","type-page","status-publish","hentry"],"_links":{"self":[{"href":"https:\/\/thydewa.org\/okax\/wp-json\/wp\/v2\/pages\/340","targetHints":{"allow":["GET"]}}],"collection":[{"href":"https:\/\/thydewa.org\/okax\/wp-json\/wp\/v2\/pages"}],"about":[{"href":"https:\/\/thydewa.org\/okax\/wp-json\/wp\/v2\/types\/page"}],"author":[{"embeddable":true,"href":"https:\/\/thydewa.org\/okax\/wp-json\/wp\/v2\/users\/1"}],"replies":[{"embeddable":true,"href":"https:\/\/thydewa.org\/okax\/wp-json\/wp\/v2\/comments?post=340"}],"version-history":[{"count":1,"href":"https:\/\/thydewa.org\/okax\/wp-json\/wp\/v2\/pages\/340\/revisions"}],"predecessor-version":[{"id":341,"href":"https:\/\/thydewa.org\/okax\/wp-json\/wp\/v2\/pages\/340\/revisions\/341"}],"wp:attachment":[{"href":"https:\/\/thydewa.org\/okax\/wp-json\/wp\/v2\/media?parent=340"}],"curies":[{"name":"wp","href":"https:\/\/api.w.org\/{rel}","templated":true}]}}