{"id":15433,"date":"2024-02-12T19:38:21","date_gmt":"2024-02-12T19:38:21","guid":{"rendered":"https:\/\/thydewa.org\/escolalivre\/?page_id=15433"},"modified":"2024-07-31T10:24:41","modified_gmt":"2024-07-31T13:24:41","slug":"participe","status":"publish","type":"page","link":"https:\/\/thydewa.org\/escolalivre\/participe\/","title":{"rendered":"PARTICIPE"},"content":{"rendered":"<div class=\"wpb-content-wrapper\"><div      class=\"vc_row wpb_row section vc_row-fluid  vc_custom_1714320457419\" style=' text-align:left;'><div class=\" full_section_inner clearfix\"><div class=\"wpb_column vc_column_container vc_col-sm-12\"><div class=\"vc_column-inner vc_custom_1714315439489\"><div class=\"wpb_wrapper\">\t<div class=\"vc_empty_space\"  style=\"height: 32px\" ><span\n\t\t\tclass=\"vc_empty_space_inner\">\n\t\t\t<span class=\"empty_space_image\"  ><\/span>\n\t\t<\/span><\/div>\n\n\n\t<div class=\"wpb_text_column wpb_content_element  vc_custom_1722432277410\">\n\t\t<div class=\"wpb_wrapper\">\n\t\t\t<p>A cada m\u00eas temos Cursos novos\u00a0 destinados a ind\u00edgenas de Abya Yala e se voc\u00ea se auto reconhece como ind\u00edgena voc\u00ea pode se inscrever. Sempre nos \u00faltimos dias do m\u00eas tem as inscri\u00e7\u00f5es <b>para o pr\u00f3ximo m\u00eas<\/b>.<\/p>\n<p>&nbsp;<\/p>\n<div>\n<p>Se voc\u00ea s\u00f3 quer participar de uma ou v\u00e1rias Fogueiras\u00a0Digitais, antes de sua primeira, voc\u00ea tamb\u00e9m deve se inscrever. As Fogueiras s\u00e3o independentes dos Cursos.<\/p>\n<p>A inscri\u00e7\u00e3o serve tamb\u00e9m como FEEDBACK para a Escola Livre ter em considera\u00e7\u00e3o as sugest\u00f5es, demandas e cr\u00edticas.\u00a0<a href=\"https:\/\/forms.gle\/aJTSdPgCrRdia7rr6\" target=\"_blank\" rel=\"noopener\" data-saferedirecturl=\"https:\/\/www.google.com\/url?q=https:\/\/forms.gle\/aJTSdPgCrRdia7rr6&amp;source=gmail&amp;ust=1714430835480000&amp;usg=AOvVaw121dfmvfe-65998oZrsgIS\">Participe por aqui.\u00a0<\/a><\/p>\n<p>&nbsp;<\/p>\n<p><span style=\"color: #3f3f3f;\">\u00a0<\/span>Se voc\u00ea quer ser facilitador de um Curso ou promover um di\u00e1logo em uma Fogueira Digital. escreva para<span style=\"color: #0000ff;\">\u00a0<a href=\"mailto:contatos@thydewa.org\" target=\"_blank\" rel=\"noopener\">contatos@thydewa.org<\/a><\/span><\/p>\n<\/div>\n<div>\n<p>&nbsp;<\/p>\n<p><a href=\"https:\/\/docs.google.com\/forms\/d\/e\/1FAIpQLSc4klkf6zjsQq0sOaBL22_pRxaLxFcT9_wHEofsoe03JZolxA\/viewform?usp=sf_link\"><b><span style=\"color: #0000ff;\"><u>Inscreva-se por aqui\u00a0<\/u><\/span><\/b><\/a><\/p>\n<\/div>\n\n\t\t<\/div> \n\t<\/div> \t<div class=\"vc_empty_space\"  style=\"height: 32px\" ><span\n\t\t\tclass=\"vc_empty_space_inner\">\n\t\t\t<span class=\"empty_space_image\"  ><\/span>\n\t\t<\/span><\/div>\n\n\n\t<div class=\"wpb_text_column wpb_content_element  vc_custom_1714321631224\">\n\t\t<div class=\"wpb_wrapper\">\n\t\t\t<div>\n<p><strong>Abaixo tem as perguntas mais FREQUENTES sobre o funcionamento da Escola e os Cursos \u201cpadr\u00e3o\u201d.<\/strong><\/p>\n<p>&nbsp;<\/p>\n<\/div>\n<ol>\n<li>\n<h3><span style=\"color: #ff0000;\"><a style=\"color: #ff0000;\" href=\"#como\"><strong><strong>COMO S\u00c3O OS CURSOS?<\/strong><\/strong><\/a><\/span><\/h3>\n<\/li>\n<li>\n<h3><span style=\"color: #ff0000;\"><a style=\"color: #ff0000;\" href=\"#quem\"><strong><strong>QUEM PODE PARTICIPAR?<\/strong><\/strong><\/a><\/span><\/h3>\n<\/li>\n<li>\n<h3><span style=\"color: #ff0000;\"><a style=\"color: #ff0000;\" href=\"#bolsas\"><strong><strong>BOLSAS<\/strong><\/strong><\/a><\/span><\/h3>\n<\/li>\n<li>\n<h3><span style=\"color: #ff0000;\"><a style=\"color: #ff0000;\" href=\"#certificado\"><strong><strong>CERTIFICADO<\/strong><\/strong><\/a><\/span><\/h3>\n<\/li>\n<li>\n<h3><span style=\"color: #ff0000;\"><a style=\"color: #ff0000;\" href=\"#lingua\"><strong>L\u00cdNGUA<\/strong><\/a><\/span><\/h3>\n<\/li>\n<\/ol>\n<div>\n<h3><\/h3>\n<\/div>\n\n\t\t<\/div> \n\t<\/div> \t<div class=\"vc_empty_space\"  style=\"height: 32px\" ><span\n\t\t\tclass=\"vc_empty_space_inner\">\n\t\t\t<span class=\"empty_space_image\"  ><\/span>\n\t\t<\/span><\/div>\n\n\n\t<div class=\"wpb_text_column wpb_content_element \">\n\t\t<div class=\"wpb_wrapper\">\n\t\t\t\n\t\t<\/div> \n\t<\/div> <\/div><\/div><\/div><\/div><\/div><div id=\"como\"     class=\"vc_row wpb_row section vc_row-fluid  vc_custom_1714321287290\" style=' text-align:left;'><div class=\" full_section_inner clearfix\"><div class=\"wpb_column vc_column_container vc_col-sm-12\"><div class=\"vc_column-inner vc_custom_1714321331531\"><div class=\"wpb_wrapper\">\n\t<div class=\"wpb_text_column wpb_content_element  vc_custom_1714320664107\">\n\t\t<div class=\"wpb_wrapper\">\n\t\t\t<h2><a href=\"http:\/\/id=como\"><strong>1- COMO S\u00c3O OS CURSOS<\/strong><\/a><\/h2>\n<p>&nbsp;<\/p>\n<h2 style=\"text-align: left;\">Os cursos s\u00e3o promovidos \u00e0 dist\u00e2ncia, atrav\u00e9s da internet.<\/h2>\n<p>&nbsp;<\/p>\n<p>Cada curso \u00e9 composto por 04 encontros interativos (via Zoom), materiais complementares simples e um grupo de WhatsApp que funciona como uma Comunidade Colaborativa tempor\u00e1ria de Aprendizagem.<\/p>\n<p>&nbsp;<\/p>\n<p>S\u00e3o cursos pr\u00e1ticos onde se aprende fazendo. Ao final de cada um dos 03 primeiros Encontros se lan\u00e7a um desafio pr\u00e1tico que o participante deve entregar at\u00e9 12 horas antes do seguinte Encontro.<\/p>\n<p>&nbsp;<\/p>\n<p>O participante deve dispor de um m\u00ednimo de 16 horas livres no m\u00eas, sendo 8 horas para participar sincronicamente pelo Zoom e outras 8 horas para realizar os desafios propostos no curso.<\/p>\n<p>&nbsp;<\/p>\n<p>Cada curso acontece num dia espec\u00edfico da semana, por quatro semanas consecutivas e sempre ao mesmo hor\u00e1rio. Cada Curso tem sua oferta de dia e de hor\u00e1rio.<\/p>\n<p>&nbsp;<\/p>\n<p>Alguns dos cursos ser\u00e3o ministrados mais de uma vez.<\/p>\n<p>&nbsp;<\/p>\n<p>Nas sextas feiras haver\u00e1 Encontros chamados de \u201c<strong>FOGUEIRAS DIGITAIS ABERTAS<\/strong>\u201d que n\u00e3o fazem parte dos cursos e que todos os ind\u00edgenas podem participar bem como convidados especiais.<\/p>\n<p>&nbsp;<\/p>\n<p>Mais adiante explicaremos como os Cursos podem gerar certificados e bolsas enquanto os Encontros de sextas feiras n\u00e3o.<\/p>\n<p>&nbsp;<\/p>\n<p>A ESCOLA LIVRE DE FORMA\u00c7\u00c3O EM ARTE E CULTURA ABYA YALA \u00e9 uma iniciativa da ONG Thyd\u00eaw\u00e1 junto a \u201cRede de Abya Yala com Amor\u201d e conta com o apoio do Minist\u00e9rio de Cultura do Brasil, sendo uma das 70 iniciativas que integra a Rede Nacional de Escolas Livres de Arte e Cultura. Os cursos livres est\u00e3o amparados pela Lei n\u00ba 9.394 do Brasil.<\/p>\n<div>\n<p>&nbsp;<\/p>\n<\/div>\n\n\t\t<\/div> \n\t<\/div> \t<div class=\"vc_empty_space\"  style=\"height: 32px\" ><span\n\t\t\tclass=\"vc_empty_space_inner\">\n\t\t\t<span class=\"empty_space_image\"  ><\/span>\n\t\t<\/span><\/div>\n\n<\/div><\/div><\/div><\/div><\/div><div id=\"quem\"     class=\"vc_row wpb_row section vc_row-fluid  vc_custom_1714321376707\" style=' text-align:left;'><div class=\" full_section_inner clearfix\"><div class=\"wpb_column vc_column_container vc_col-sm-12\"><div class=\"vc_column-inner vc_custom_1714321386445\"><div class=\"wpb_wrapper\">\n\t<div class=\"wpb_text_column wpb_content_element  vc_custom_1714344587193\">\n\t\t<div class=\"wpb_wrapper\">\n\t\t\t<h2><span style=\"color: #000000;\"><b>2 &#8211; QUEM PODE PARTICIPAR<\/b><\/span><\/h2>\n<p><span style=\"color: #000000;\"><b><br \/>\n<\/b>Toda pessoa com 16 ou mais anos que se auto identifica como ind\u00edgena, pertencente a um ou v\u00e1rios povos origin\u00e1rios de Abya Yala (qualquer paises de quaisquer uma das Am\u00e9ricas: Sul, Central ou Norte). N\u00e3o precisar\u00e1 de nenhum documento ou carta que lhe ateste; \u00e9 suficiente se auto reconhecer e se auto identificar.<\/span><\/p>\n<p><span style=\"color: #000000;\">Para os Cursos que acontecem de segunda a quinta feiras, ao in\u00edcio de cada m\u00eas a pessoa deve se inscrever.<\/span><\/p>\n<p>&nbsp;<\/p>\n<p><span style=\"color: #000000;\">Cada curso tem 20 vagas e n\u00e3o haver\u00e1 sele\u00e7\u00e3o dos participantes, as primeiras pessoas a se inscrever ter\u00e3o as vagas e receber\u00e3o uma confirma\u00e7\u00e3o antes de completar as\u00a0<b>48\u00a0<\/b>horas de sua inscri\u00e7\u00e3o.<\/span><\/p>\n<p>&nbsp;<\/p>\n<p><span style=\"color: #000000;\">O interessado em participar preencher\u00e1 uma\u00a0ficha\u00a0 de inscri\u00e7\u00e3o nos ultimos\u00a04 dias do mes apontando a qual ou quais cursos do mes seguinte gostaria de participar.\u00a0Os dados ser\u00e3o tratados com cuidado e n\u00e3o ser\u00e3o publicados sem autoriza\u00e7\u00e3o do interessado.<\/span><\/p>\n\n\t\t<\/div> \n\t<\/div> \t<div class=\"vc_empty_space\"  style=\"height: 32px\" ><span\n\t\t\tclass=\"vc_empty_space_inner\">\n\t\t\t<span class=\"empty_space_image\"  ><\/span>\n\t\t<\/span><\/div>\n\n<\/div><\/div><\/div><\/div><\/div><div id=\"bolsas\"     class=\"vc_row wpb_row section vc_row-fluid  vc_custom_1714321396586\" style=' text-align:left;'><div class=\" full_section_inner clearfix\"><div class=\"wpb_column vc_column_container vc_col-sm-12\"><div class=\"vc_column-inner vc_custom_1714321406790\"><div class=\"wpb_wrapper\">\n\t<div class=\"wpb_text_column wpb_content_element  vc_custom_1714344596310\">\n\t\t<div class=\"wpb_wrapper\">\n\t\t\t<h2><b>3 &#8211; BOLSAS<\/b><\/h2>\n<p>&nbsp;<\/p>\n<p>Toda pessoa que tenha \u201cCPF\u201d \u2013 Cadastro de Pessoa F\u00edsica no Brasil poder\u00e1 se postular a receber\u00a0<b>01\u00a0<\/b>Bolsas por m\u00eas. Estamos buscando Bolsas para pessoas de outros pa\u00edses.<\/p>\n<p>&nbsp;<\/p>\n<p>Cada curso \u00e9 composto de 07 PLUMAS, sendo referentes a: 04 Encontros e 03 Desafios, se espera que cada participante ganhe 07 PLUMAS.<\/p>\n<p>&nbsp;<\/p>\n<p>Se a pessoa participar de um curso poder\u00e1 receber uma bolsa se atingir 05 PLUMAS. A cada participa\u00e7\u00e3o sincr\u00f4nica online se lhe outorga ao participante 01 PLUMA, a cada desafio feito se lhe outorga 01 PLUMA ao participante.<\/p>\n<p>&nbsp;<\/p>\n<p>05 PLUMAS podem ser o resultado de ter participado dos 4 Encontros e ter realizado um desafio ou ter participado de 3 Encontros e ter realizado 2 desafios ou ter participado de 2 Encontros e ter realizado 3 desafios. Cabe ao facilitador de cada curso outorgar o n\u00famero de PLUMAS.<\/p>\n<p>&nbsp;<\/p>\n<p>O participante pode se inscrever e participar d<b>e v\u00e1rios cursos em um mesmo m\u00eas, por\u00e9m n\u00e3o pode receber mais de 01 bolsa<\/b>\u00a0no mesmo m\u00eas. Cada curso tem sua contabilidade independente e n\u00e3o sumam-se PLUMAS de um curso a outro como tamb\u00e9m n\u00e3o se acumulam PLUMAS de um m\u00eas a outro. Uma bolsa tem o valor de R$ 100,00 que ser\u00e3o transferidos por PIX ou conta banc\u00e1ria do participante ou pessoa que este mesmo indique.<\/p>\n\n\t\t<\/div> \n\t<\/div> \t<div class=\"vc_empty_space\"  style=\"height: 32px\" ><span\n\t\t\tclass=\"vc_empty_space_inner\">\n\t\t\t<span class=\"empty_space_image\"  ><\/span>\n\t\t<\/span><\/div>\n\n<\/div><\/div><\/div><\/div><\/div><div id=\"certificado\"     class=\"vc_row wpb_row section vc_row-fluid  vc_custom_1714321417803\" style=' text-align:left;'><div class=\" full_section_inner clearfix\"><div class=\"wpb_column vc_column_container vc_col-sm-12\"><div class=\"vc_column-inner vc_custom_1714321439320\"><div class=\"wpb_wrapper\">\n\t<div class=\"wpb_text_column wpb_content_element  vc_custom_1714317760970\">\n\t\t<div class=\"wpb_wrapper\">\n\t\t\t<h2><b>4 &#8211; CERTIFICADO<\/b><\/h2>\n<p>&nbsp;<\/p>\n<p>Toda pessoa com o sem CPF que atingir 05 PLUMAS receber\u00e1 o certificado do curso estipulado com 16 horas de carga hor\u00e1ria.<\/p>\n\n\t\t<\/div> \n\t<\/div> \t<div class=\"vc_empty_space\"  style=\"height: 32px\" ><span\n\t\t\tclass=\"vc_empty_space_inner\">\n\t\t\t<span class=\"empty_space_image\"  ><\/span>\n\t\t<\/span><\/div>\n\n<\/div><\/div><\/div><\/div><\/div><div id=\"lingua\"     class=\"vc_row wpb_row section vc_row-fluid  vc_custom_1714321450233\" style=' text-align:left;'><div class=\" full_section_inner clearfix\"><div class=\"wpb_column vc_column_container vc_col-sm-12\"><div class=\"vc_column-inner vc_custom_1714321460921\"><div class=\"wpb_wrapper\">\n\t<div class=\"wpb_text_column wpb_content_element  vc_custom_1714317792363\">\n\t\t<div class=\"wpb_wrapper\">\n\t\t\t<h2><strong>5 &#8211; L\u00cdNGUA<\/strong><\/h2>\n<p>&nbsp;<\/p>\n<p>Cada Facilitador de um Curso, assim como cada participante, pode escolher se expressar em portugues ou em espanhol (ou em portunhol). Para participar da Escola Livre Abya Yala a pessoa tem que estar aberta a querer entender ambas as l\u00ednguas, sendo livre de falar na l\u00edngua que quiser.<\/p>\n\n\t\t<\/div> \n\t<\/div> \t<div class=\"vc_empty_space\"  style=\"height: 32px\" ><span\n\t\t\tclass=\"vc_empty_space_inner\">\n\t\t\t<span class=\"empty_space_image\"  ><\/span>\n\t\t<\/span><\/div>\n\n<\/div><\/div><\/div><\/div><\/div><div      class=\"vc_row wpb_row section vc_row-fluid  vc_custom_1714321473717\" style=' text-align:left;'><div class=\" full_section_inner clearfix\"><div class=\"wpb_column vc_column_container vc_col-sm-12\"><div class=\"vc_column-inner vc_custom_1714321486275\"><div class=\"wpb_wrapper\">\n\t<div class=\"wpb_text_column wpb_content_element  vc_custom_1714344606885\">\n\t\t<div class=\"wpb_wrapper\">\n\t\t\t<p>E na ABA \u201cACONTECENDO\u201d voc\u00ea ver\u00e1 os cursos nos quais voc\u00ea pode se inscrever, sempre nos\u00a0<b>\u00faltimos quatro dias do m\u00eas. As vagas s\u00e3o outorgadas pelo facilitador do curso tendo dois crit\u00e9rios, a diversidade e a ordem cronol\u00f3gica da inscri\u00e7\u00e3o, Quando houver algum crit\u00e9rio especial, o facilitador anunciar\u00e1 isso na chamada de seu curso.<\/b><\/p>\n\n\t\t<\/div> \n\t<\/div> \t<div class=\"vc_empty_space\"  style=\"height: 32px\" ><span\n\t\t\tclass=\"vc_empty_space_inner\">\n\t\t\t<span class=\"empty_space_image\"  ><\/span>\n\t\t<\/span><\/div>\n\n<\/div><\/div><\/div><\/div><\/div>\n<\/div>","protected":false},"excerpt":{"rendered":"A cada m\u00eas temos Cursos novos\u00a0 destinados a ind\u00edgenas de Abya Yala e se voc\u00ea se auto reconhece como ind\u00edgena voc\u00ea pode se inscrever. Sempre nos \u00faltimos dias do m\u00eas tem as inscri\u00e7\u00f5es para o pr\u00f3ximo m\u00eas. &nbsp; Se voc\u00ea s\u00f3 quer participar de uma...","protected":false},"author":1,"featured_media":0,"parent":0,"menu_order":0,"comment_status":"open","ping_status":"closed","template":"full_width.php","meta":{"footnotes":""},"class_list":["post-15433","page","type-page","status-publish","hentry"],"_links":{"self":[{"href":"https:\/\/thydewa.org\/escolalivre\/wp-json\/wp\/v2\/pages\/15433","targetHints":{"allow":["GET"]}}],"collection":[{"href":"https:\/\/thydewa.org\/escolalivre\/wp-json\/wp\/v2\/pages"}],"about":[{"href":"https:\/\/thydewa.org\/escolalivre\/wp-json\/wp\/v2\/types\/page"}],"author":[{"embeddable":true,"href":"https:\/\/thydewa.org\/escolalivre\/wp-json\/wp\/v2\/users\/1"}],"replies":[{"embeddable":true,"href":"https:\/\/thydewa.org\/escolalivre\/wp-json\/wp\/v2\/comments?post=15433"}],"version-history":[{"count":38,"href":"https:\/\/thydewa.org\/escolalivre\/wp-json\/wp\/v2\/pages\/15433\/revisions"}],"predecessor-version":[{"id":16001,"href":"https:\/\/thydewa.org\/escolalivre\/wp-json\/wp\/v2\/pages\/15433\/revisions\/16001"}],"wp:attachment":[{"href":"https:\/\/thydewa.org\/escolalivre\/wp-json\/wp\/v2\/media?parent=15433"}],"curies":[{"name":"wp","href":"https:\/\/api.w.org\/{rel}","templated":true}]}}