{"id":15433,"date":"2024-02-12T19:38:21","date_gmt":"2024-02-12T19:38:21","guid":{"rendered":"https:\/\/thydewa.org\/escolalivre\/?page_id=15433"},"modified":"2024-07-31T10:24:41","modified_gmt":"2024-07-31T13:24:41","slug":"participe","status":"publish","type":"page","link":"https:\/\/thydewa.org\/escolalivre\/es\/participe\/","title":{"rendered":"Participar"},"content":{"rendered":"<div class=\"wpb-content-wrapper\"><div      class=\"vc_row wpb_row section vc_row-fluid  vc_custom_1714320457419\" style=' text-align:left;'><div class=\"full_section_inner clearfix\"><div class=\"wpb_column vc_column_container vc_col-sm-12\"><div class=\"vc_column-inner vc_custom_1714315439489\"><div class=\"wpb_wrapper\">\t<div class=\"vc_empty_space\"  style=\"height: 32px\" ><span\n\t\t\tclass=\"vc_empty_space_inner\">\n\t\t\t<span class=\"empty_space_image\"  ><\/span>\n\t\t<\/span><\/div>\n\n\n\t<div class=\"wpb_text_column wpb_content_element  vc_custom_1722432277410\">\n\t\t<div class=\"wpb_wrapper\">\n\t\t\t<p>A cada m\u00eas temos Cursos novos\u00a0 destinados a ind\u00edgenas de Abya Yala e se voc\u00ea se auto reconhece como ind\u00edgena voc\u00ea pode se inscrever. Sempre nos \u00faltimos dias do m\u00eas tem as inscri\u00e7\u00f5es <b>para o pr\u00f3ximo m\u00eas<\/b>.<\/p>\n<p>&nbsp;<\/p>\n<div>\n<p>Se voc\u00ea s\u00f3 quer participar de uma ou v\u00e1rias Fogueiras\u00a0Digitais, antes de sua primeira, voc\u00ea tamb\u00e9m deve se inscrever. As Fogueiras s\u00e3o independentes dos Cursos.<\/p>\n<p>A inscri\u00e7\u00e3o serve tamb\u00e9m como FEEDBACK para a Escola Livre ter em considera\u00e7\u00e3o as sugest\u00f5es, demandas e cr\u00edticas.\u00a0<a href=\"https:\/\/forms.gle\/aJTSdPgCrRdia7rr6\" target=\"_blank\" rel=\"noopener\" data-saferedirecturl=\"https:\/\/www.google.com\/url?q=https:\/\/forms.gle\/aJTSdPgCrRdia7rr6&amp;source=gmail&amp;ust=1714430835480000&amp;usg=AOvVaw121dfmvfe-65998oZrsgIS\">Participe por aqui.\u00a0<\/a><\/p>\n<p>&nbsp;<\/p>\n<p><span style=\"color: #3f3f3f;\">\u00a0<\/span>Se voc\u00ea quer ser facilitador de um Curso ou promover um di\u00e1logo em uma Fogueira Digital. escreva para<span style=\"color: #0000ff;\">\u00a0<a href=\"mailto:contatos@thydewa.org\" target=\"_blank\" rel=\"noopener\">contatos@thydewa.org<\/a><\/span><\/p>\n<\/div>\n<div>\n<p>&nbsp;<\/p>\n<p><a href=\"https:\/\/docs.google.com\/forms\/d\/e\/1FAIpQLSc4klkf6zjsQq0sOaBL22_pRxaLxFcT9_wHEofsoe03JZolxA\/viewform?usp=sf_link\"><b><span style=\"color: #0000ff;\"><u>Inscreva-se por aqui\u00a0<\/u><\/span><\/b><\/a><\/p>\n<\/div>\n\n\t\t<\/div> \n\t<\/div> \t<div class=\"vc_empty_space\"  style=\"height: 32px\" ><span\n\t\t\tclass=\"vc_empty_space_inner\">\n\t\t\t<span class=\"empty_space_image\"  ><\/span>\n\t\t<\/span><\/div>\n\n\n\t<div class=\"wpb_text_column wpb_content_element  vc_custom_1714321631224\">\n\t\t<div class=\"wpb_wrapper\">\n\t\t\t<div>\n<p><strong>Aqu\u00ed abajo encontrar\u00e1s las preguntas m\u00e1s FRECUENTES sobre c\u00f3mo funciona la Escuela y los cursos 'est\u00e1ndar'.<\/strong><\/p>\n<p>&nbsp;<\/p>\n<\/div>\n<ol>\n<li>\n<h3><span style=\"color: #ff0000;\"><a style=\"color: #ff0000;\" href=\"#como\"><strong><strong>\u00bfC\u00d3MO SON LOS CURSOS?<\/strong><\/strong><\/a><\/span><\/h3>\n<\/li>\n<li>\n<h3><span style=\"color: #ff0000;\"><a style=\"color: #ff0000;\" href=\"#quem\"><strong><strong>\u00bfQUI\u00c9N PUEDE PARTICIPAR?<\/strong><\/strong><\/a><\/span><\/h3>\n<\/li>\n<li>\n<h3><span style=\"color: #ff0000;\"><a style=\"color: #ff0000;\" href=\"#bolsas\"><strong><strong>ASISTENCIA FINANCIERA<\/strong><\/strong><\/a><\/span><\/h3>\n<\/li>\n<li>\n<h3><span style=\"color: #ff0000;\"><a style=\"color: #ff0000;\" href=\"#certificado\"><strong><strong>CERTIFICADO<\/strong><\/strong><\/a><\/span><\/h3>\n<\/li>\n<li>\n<h3><span style=\"color: #ff0000;\"><a style=\"color: #ff0000;\" href=\"#lingua\"><strong>IDIOMA<\/strong><\/a><\/span><\/h3>\n<\/li>\n<\/ol>\n<div>\n<h3><\/h3>\n<\/div>\n\n\t\t<\/div> \n\t<\/div> \t<div class=\"vc_empty_space\"  style=\"height: 32px\" ><span\n\t\t\tclass=\"vc_empty_space_inner\">\n\t\t\t<span class=\"empty_space_image\"  ><\/span>\n\t\t<\/span><\/div>\n\n\n\t<div class=\"wpb_text_column wpb_content_element\">\n\t\t<div class=\"wpb_wrapper\">\n\t\t\t\n\t\t<\/div> \n\t<\/div> <\/div><\/div><\/div><\/div><\/div><div id=\"como\"     class=\"vc_row wpb_row section vc_row-fluid  vc_custom_1714321287290\" style=' text-align:left;'><div class=\"full_section_inner clearfix\"><div class=\"wpb_column vc_column_container vc_col-sm-12\"><div class=\"vc_column-inner vc_custom_1714321331531\"><div class=\"wpb_wrapper\">\n\t<div class=\"wpb_text_column wpb_content_element  vc_custom_1714320664107\">\n\t\t<div class=\"wpb_wrapper\">\n\t\t\t<h2><a href=\"http:\/\/id=como\"><strong>1- COMO S\u00c3O OS CURSOS<\/strong><\/a><\/h2>\n<p>&nbsp;<\/p>\n<h2 style=\"text-align: left;\">Los cursos se ofrecen de forma remota, a trav\u00e9s de Internet.<\/h2>\n<p>&nbsp;<\/p>\n<p>Cada curso consta de 4 reuniones interactivas (v\u00eda Zoom), materiales complementarios sencillos y un grupo de WhatsApp que funciona como una Comunidad de Aprendizaje Colaborativo temporal.<\/p>\n<p>&nbsp;<\/p>\n<p>Son cursos pr\u00e1cticos donde se aprende haciendo. Al finalizar cada uno de los 3 primeros Encuentros, se lanza un desaf\u00edo pr\u00e1ctico que el participante deber\u00e1 presentar hasta 12 horas antes del pr\u00f3ximo Encuentro.<\/p>\n<p>&nbsp;<\/p>\n<p>El participante deber\u00e1 tener un m\u00ednimo de 16 horas libres al mes, 8 horas para participar de forma s\u00edncrona v\u00eda Zoom y otras 8 horas para completar los desaf\u00edos propuestos en el curso.<\/p>\n<p>&nbsp;<\/p>\n<p>Cada curso se realiza en un d\u00eda espec\u00edfico de la semana, durante cuatro semanas consecutivas y siempre a la misma hora. Cada Curso tiene su propia oferta de d\u00eda y horario.<\/p>\n<p>&nbsp;<\/p>\n<p>Algunos de los cursos se impartir\u00e1n m\u00e1s de una vez.<\/p>\n<p>&nbsp;<\/p>\n<p>Nas sextas feiras haver\u00e1 Encontros chamados de \u201c<strong>FOGUEIRAS DIGITAIS ABERTAS<\/strong>\u201d que n\u00e3o fazem parte dos cursos e que todos os ind\u00edgenas podem participar bem como convidados especiais.<\/p>\n<p>&nbsp;<\/p>\n<p>M\u00e1s adelante explicaremos c\u00f3mo los Cursos pueden generar certificados y becas mientras que las Reuniones de los Viernes no.<\/p>\n<p>&nbsp;<\/p>\n<p>A ESCOLA LIVRE DE FORMA\u00c7\u00c3O EM ARTE E CULTURA ABYA YALA \u00e9 uma iniciativa da ONG Thyd\u00eaw\u00e1 junto a \u201cRede de Abya Yala com Amor\u201d e conta com o apoio do Minist\u00e9rio de Cultura do Brasil, sendo uma das 70 iniciativas que integra a Rede Nacional de Escolas Livres de Arte e Cultura. Os cursos livres est\u00e3o amparados pela Lei n\u00ba 9.394 do Brasil.<\/p>\n<div>\n<p>&nbsp;<\/p>\n<\/div>\n\n\t\t<\/div> \n\t<\/div> \t<div class=\"vc_empty_space\"  style=\"height: 32px\" ><span\n\t\t\tclass=\"vc_empty_space_inner\">\n\t\t\t<span class=\"empty_space_image\"  ><\/span>\n\t\t<\/span><\/div>\n\n<\/div><\/div><\/div><\/div><\/div><div id=\"quem\"     class=\"vc_row wpb_row section vc_row-fluid  vc_custom_1714321376707\" style=' text-align:left;'><div class=\"full_section_inner clearfix\"><div class=\"wpb_column vc_column_container vc_col-sm-12\"><div class=\"vc_column-inner vc_custom_1714321386445\"><div class=\"wpb_wrapper\">\n\t<div class=\"wpb_text_column wpb_content_element  vc_custom_1714344587193\">\n\t\t<div class=\"wpb_wrapper\">\n\t\t\t<h2><span style=\"color: #000000;\"><b>2 &#8211; QUEM PODE PARTICIPAR<\/b><\/span><\/h2>\n<p><span style=\"color: #000000;\"><b><br \/>\n<\/b>Cualquier persona de 16 a\u00f1os o m\u00e1s que se identifique como ind\u00edgena, perteneciente a uno o m\u00e1s pueblos originarios de Abya Yala (cualquier pa\u00eds de cualquiera de las Am\u00e9ricas: Sur, Centro o Norte). No necesitar\u00e1 ning\u00fan documento o carta que acredite ello; Basta con reconocerse e identificarse.<\/span><\/p>\n<p><span style=\"color: #000000;\">Para los Cursos que se realizan de lunes a jueves, al inicio de cada mes la persona deber\u00e1 registrarse.<\/span><\/p>\n<p>&nbsp;<\/p>\n<p><span style=\"color: #000000;\">Cada curso tem 20 vagas e n\u00e3o haver\u00e1 sele\u00e7\u00e3o dos participantes, as primeiras pessoas a se inscrever ter\u00e3o as vagas e receber\u00e3o uma confirma\u00e7\u00e3o antes de completar as\u00a0<b>48\u00a0<\/b>horas de sua inscri\u00e7\u00e3o.<\/span><\/p>\n<p>&nbsp;<\/p>\n<p><span style=\"color: #000000;\">O interessado em participar preencher\u00e1 uma\u00a0ficha\u00a0 de inscri\u00e7\u00e3o nos ultimos\u00a04 dias do mes apontando a qual ou quais cursos do mes seguinte gostaria de participar.\u00a0Os dados ser\u00e3o tratados com cuidado e n\u00e3o ser\u00e3o publicados sem autoriza\u00e7\u00e3o do interessado.<\/span><\/p>\n\n\t\t<\/div> \n\t<\/div> \t<div class=\"vc_empty_space\"  style=\"height: 32px\" ><span\n\t\t\tclass=\"vc_empty_space_inner\">\n\t\t\t<span class=\"empty_space_image\"  ><\/span>\n\t\t<\/span><\/div>\n\n<\/div><\/div><\/div><\/div><\/div><div id=\"bolsas\"     class=\"vc_row wpb_row section vc_row-fluid  vc_custom_1714321396586\" style=' text-align:left;'><div class=\"full_section_inner clearfix\"><div class=\"wpb_column vc_column_container vc_col-sm-12\"><div class=\"vc_column-inner vc_custom_1714321406790\"><div class=\"wpb_wrapper\">\n\t<div class=\"wpb_text_column wpb_content_element  vc_custom_1714344596310\">\n\t\t<div class=\"wpb_wrapper\">\n\t\t\t<h2><b>3 &#8211; BOLSAS<\/b><\/h2>\n<p>&nbsp;<\/p>\n<p>Toda pessoa que tenha \u201cCPF\u201d \u2013 Cadastro de Pessoa F\u00edsica no Brasil poder\u00e1 se postular a receber\u00a0<b>01\u00a0<\/b>Bolsas por m\u00eas. Estamos buscando Bolsas para pessoas de outros pa\u00edses.<\/p>\n<p>&nbsp;<\/p>\n<p>Cada curso est\u00e1 compuesto por 07 PLUMES, correspondientes a: 04 Encuentros y 03 Retos, se espera que cada participante gane 07 PLUMES.<\/p>\n<p>&nbsp;<\/p>\n<p>Se a pessoa participar de um curso poder\u00e1 receber uma bolsa se atingir 05 PLUMAS. A cada participa\u00e7\u00e3o sincr\u00f4nica online se lhe outorga ao participante 01 PLUMA, a cada desafio feito se lhe outorga 01 PLUMA ao participante.<\/p>\n<p>&nbsp;<\/p>\n<p>05 PLUMAS podem ser o resultado de ter participado dos 4 Encontros e ter realizado um desafio ou ter participado de 3 Encontros e ter realizado 2 desafios ou ter participado de 2 Encontros e ter realizado 3 desafios. Cabe ao facilitador de cada curso outorgar o n\u00famero de PLUMAS.<\/p>\n<p>&nbsp;<\/p>\n<p>O participante pode se inscrever e participar d<b>e v\u00e1rios cursos em um mesmo m\u00eas, por\u00e9m n\u00e3o pode receber mais de 01 bolsa<\/b>\u00a0no mesmo m\u00eas. Cada curso tem sua contabilidade independente e n\u00e3o sumam-se PLUMAS de um curso a outro como tamb\u00e9m n\u00e3o se acumulam PLUMAS de um m\u00eas a outro. Uma bolsa tem o valor de R$ 100,00 que ser\u00e3o transferidos por PIX ou conta banc\u00e1ria do participante ou pessoa que este mesmo indique.<\/p>\n\n\t\t<\/div> \n\t<\/div> \t<div class=\"vc_empty_space\"  style=\"height: 32px\" ><span\n\t\t\tclass=\"vc_empty_space_inner\">\n\t\t\t<span class=\"empty_space_image\"  ><\/span>\n\t\t<\/span><\/div>\n\n<\/div><\/div><\/div><\/div><\/div><div id=\"certificado\"     class=\"vc_row wpb_row section vc_row-fluid  vc_custom_1714321417803\" style=' text-align:left;'><div class=\"full_section_inner clearfix\"><div class=\"wpb_column vc_column_container vc_col-sm-12\"><div class=\"vc_column-inner vc_custom_1714321439320\"><div class=\"wpb_wrapper\">\n\t<div class=\"wpb_text_column wpb_content_element  vc_custom_1714317760970\">\n\t\t<div class=\"wpb_wrapper\">\n\t\t\t<h2><b>4 &#8211; CERTIFICADO<\/b><\/h2>\n<p>&nbsp;<\/p>\n<p>Toda persona sin CPF que alcance 05 PLUMAS recibir\u00e1 un certificado del curso estipulado con 16 horas de carga horaria.<\/p>\n\n\t\t<\/div> \n\t<\/div> \t<div class=\"vc_empty_space\"  style=\"height: 32px\" ><span\n\t\t\tclass=\"vc_empty_space_inner\">\n\t\t\t<span class=\"empty_space_image\"  ><\/span>\n\t\t<\/span><\/div>\n\n<\/div><\/div><\/div><\/div><\/div><div id=\"lingua\"     class=\"vc_row wpb_row section vc_row-fluid  vc_custom_1714321450233\" style=' text-align:left;'><div class=\"full_section_inner clearfix\"><div class=\"wpb_column vc_column_container vc_col-sm-12\"><div class=\"vc_column-inner vc_custom_1714321460921\"><div class=\"wpb_wrapper\">\n\t<div class=\"wpb_text_column wpb_content_element  vc_custom_1714317792363\">\n\t\t<div class=\"wpb_wrapper\">\n\t\t\t<h2><strong>5 &#8211; L\u00cdNGUA<\/strong><\/h2>\n<p>&nbsp;<\/p>\n<p>Cada Facilitador del Curso, as\u00ed como cada participante, puede optar por hablar en portugu\u00e9s o espa\u00f1ol (o en portugu\u00e9s). Para participar en la Escuela Gratuita Abya Yala la persona debe estar abierta a querer entender ambos idiomas, siendo libre de hablar en el idioma que desee.<\/p>\n\n\t\t<\/div> \n\t<\/div> \t<div class=\"vc_empty_space\"  style=\"height: 32px\" ><span\n\t\t\tclass=\"vc_empty_space_inner\">\n\t\t\t<span class=\"empty_space_image\"  ><\/span>\n\t\t<\/span><\/div>\n\n<\/div><\/div><\/div><\/div><\/div><div      class=\"vc_row wpb_row section vc_row-fluid  vc_custom_1714321473717\" style=' text-align:left;'><div class=\"full_section_inner clearfix\"><div class=\"wpb_column vc_column_container vc_col-sm-12\"><div class=\"vc_column-inner vc_custom_1714321486275\"><div class=\"wpb_wrapper\">\n\t<div class=\"wpb_text_column wpb_content_element  vc_custom_1714344606885\">\n\t\t<div class=\"wpb_wrapper\">\n\t\t\t<p>E na ABA \u201cACONTECENDO\u201d voc\u00ea ver\u00e1 os cursos nos quais voc\u00ea pode se inscrever, sempre nos\u00a0<b>\u00faltimos quatro dias do m\u00eas. As vagas s\u00e3o outorgadas pelo facilitador do curso tendo dois crit\u00e9rios, a diversidade e a ordem cronol\u00f3gica da inscri\u00e7\u00e3o, Quando houver algum crit\u00e9rio especial, o facilitador anunciar\u00e1 isso na chamada de seu curso.<\/b><\/p>\n\n\t\t<\/div> \n\t<\/div> \t<div class=\"vc_empty_space\"  style=\"height: 32px\" ><span\n\t\t\tclass=\"vc_empty_space_inner\">\n\t\t\t<span class=\"empty_space_image\"  ><\/span>\n\t\t<\/span><\/div>\n\n<\/div><\/div><\/div><\/div><\/div>\n<\/div>","protected":false},"excerpt":{"rendered":"A cada m\u00eas temos Cursos novos\u00a0 destinados a ind\u00edgenas de Abya Yala e se voc\u00ea se auto reconhece como ind\u00edgena voc\u00ea pode se inscrever. Sempre nos \u00faltimos dias do m\u00eas tem as inscri\u00e7\u00f5es para o pr\u00f3ximo m\u00eas. &nbsp; Se voc\u00ea s\u00f3 quer participar de uma...","protected":false},"author":1,"featured_media":0,"parent":0,"menu_order":0,"comment_status":"open","ping_status":"closed","template":"full_width.php","meta":{"footnotes":""},"class_list":["post-15433","page","type-page","status-publish","hentry"],"_links":{"self":[{"href":"https:\/\/thydewa.org\/escolalivre\/es\/wp-json\/wp\/v2\/pages\/15433","targetHints":{"allow":["GET"]}}],"collection":[{"href":"https:\/\/thydewa.org\/escolalivre\/es\/wp-json\/wp\/v2\/pages"}],"about":[{"href":"https:\/\/thydewa.org\/escolalivre\/es\/wp-json\/wp\/v2\/types\/page"}],"author":[{"embeddable":true,"href":"https:\/\/thydewa.org\/escolalivre\/es\/wp-json\/wp\/v2\/users\/1"}],"replies":[{"embeddable":true,"href":"https:\/\/thydewa.org\/escolalivre\/es\/wp-json\/wp\/v2\/comments?post=15433"}],"version-history":[{"count":38,"href":"https:\/\/thydewa.org\/escolalivre\/es\/wp-json\/wp\/v2\/pages\/15433\/revisions"}],"predecessor-version":[{"id":16001,"href":"https:\/\/thydewa.org\/escolalivre\/es\/wp-json\/wp\/v2\/pages\/15433\/revisions\/16001"}],"wp:attachment":[{"href":"https:\/\/thydewa.org\/escolalivre\/es\/wp-json\/wp\/v2\/media?parent=15433"}],"curies":[{"name":"wp","href":"https:\/\/api.w.org\/{rel}","templated":true}]}}